{"id":3,"date":"2026-01-14T11:20:28","date_gmt":"2026-01-14T11:20:28","guid":{"rendered":"http:\/\/www.iconicspadel.com\/?page_id=3"},"modified":"2026-02-20T23:28:36","modified_gmt":"2026-02-20T22:28:36","slug":"politique-de-confidentialite","status":"publish","type":"page","link":"https:\/\/www.iconicspadel.com\/en\/politique-de-confidentialite\/","title":{"rendered":"politique de confidentialit\u00e9"},"content":{"rendered":"<div data-elementor-type=\"wp-page\" data-elementor-id=\"3\" class=\"elementor elementor-3\" data-elementor-post-type=\"page\">\n\t\t\t\t<div class=\"elementor-element elementor-element-3a79aa49 e-flex e-con-boxed e-con e-parent\" data-id=\"3a79aa49\" data-element_type=\"container\" data-e-type=\"container\">\n\t\t\t\t\t<div class=\"e-con-inner\">\n\t\t\t\t<div class=\"elementor-element elementor-element-72519e31 elementor-widget elementor-widget-text-editor\" data-id=\"72519e31\" data-element_type=\"widget\" data-e-type=\"widget\" data-widget_type=\"text-editor.default\">\n\t\t\t\t\t\t\t\t\t<div id=\"model-response-message-contentr_2320555667719def\" class=\"markdown markdown-main-panel stronger enable-updated-hr-color preserve-whitespaces-in-response\" dir=\"ltr\" aria-live=\"polite\" aria-busy=\"false\"><br \/><hr data-path-to-node=\"1\" \/>\n<h3 data-path-to-node=\"2\">Mentions L\u00e9gales<\/h3>\n<p data-path-to-node=\"3\">En vertu de l&rsquo;article 6 de la loi n\u00b0 2004-575 du 21 juin 2004 pour la confiance dans l&rsquo;\u00e9conomie num\u00e9rique, il est pr\u00e9cis\u00e9 aux utilisateurs du site internet <b data-path-to-node=\"3\" data-index-in-node=\"156\">iconicspadel.com<\/b> l&rsquo;identit\u00e9 des diff\u00e9rents intervenants dans le cadre de sa r\u00e9alisation et de son suivi :<\/p>\n<h3 data-path-to-node=\"4\">1. \u00c9diteur du site<\/h3>\n<p data-path-to-node=\"5\">Le site <b data-path-to-node=\"5\" data-index-in-node=\"8\">iconicspadel.com<\/b> est \u00e9dit\u00e9 et exploit\u00e9 par la soci\u00e9t\u00e9 <b data-path-to-node=\"5\" data-index-in-node=\"62\">ICONICS PADEL<\/b>.<\/p>\n<ul data-path-to-node=\"6\">\n<li>\n<p data-path-to-node=\"6,0,0\"><b data-path-to-node=\"6,0,0\" data-index-in-node=\"0\">Forme juridique :<\/b> Soci\u00e9t\u00e9 par Actions Simplifi\u00e9e (SAS)<\/p>\n<\/li>\n<li>\n<p data-path-to-node=\"6,1,0\"><b data-path-to-node=\"6,1,0\" data-index-in-node=\"0\">Capital social :<\/b> 1 000,00 \u20ac<\/p>\n<\/li>\n<li>\n<p data-path-to-node=\"6,2,0\"><b data-path-to-node=\"6,2,0\" data-index-in-node=\"0\">Si\u00e8ge social :<\/b> 2 Chemin des \u00e9coliers, 30400 VILLENEUVE-LES-AVIGNON, France<\/p>\n<\/li>\n<li>\n<p data-path-to-node=\"6,3,0\"><b data-path-to-node=\"6,3,0\" data-index-in-node=\"0\">SIREN :<\/b> 100 487 297<\/p>\n<\/li>\n<li>\n<p data-path-to-node=\"6,4,0\"><b data-path-to-node=\"6,4,0\" data-index-in-node=\"0\">SIRET :<\/b> 100 487 297 00010<\/p>\n<\/li>\n<li>\n<p data-path-to-node=\"6,5,0\"><b data-path-to-node=\"6,5,0\" data-index-in-node=\"0\">RCS :<\/b> Inscrit au greffe de N\u00eemes sous le num\u00e9ro 100 487 297<\/p>\n<\/li>\n<li>\n<p data-path-to-node=\"6,6,0\"><b data-path-to-node=\"6,6,0\" data-index-in-node=\"0\">Num\u00e9ro de TVA intracommunautaire :<\/b> FR65100487297<\/p>\n<\/li>\n<li>\n<p data-path-to-node=\"6,7,0\"><b data-path-to-node=\"6,7,0\" data-index-in-node=\"0\">Code NAF \/ APE :<\/b> 47.71Z (Commerce de d\u00e9tail d&rsquo;habillement en magasin sp\u00e9cialis\u00e9)<\/p>\n<\/li>\n<li>\n<p data-path-to-node=\"6,8,0\"><b data-path-to-node=\"6,8,0\" data-index-in-node=\"0\">Contact e-mail :<\/b> contact@iconicspadel.com<\/p>\n<\/li>\n<\/ul>\n<h3 data-path-to-node=\"7\">2. Responsable de la publication<\/h3>\n<p data-path-to-node=\"8\">Le Directeur de la publication du site est <b data-path-to-node=\"8\" data-index-in-node=\"43\">Monsieur Bruno Goubert<\/b>.<\/p>\n<h3 data-path-to-node=\"9\">3. H\u00e9bergement du site<\/h3>\n<p data-path-to-node=\"10\">Le site iconicspadel.com est h\u00e9berg\u00e9 par la soci\u00e9t\u00e9 <b data-path-to-node=\"10\" data-index-in-node=\"52\">OVH<\/b>.<\/p>\n<ul data-path-to-node=\"11\">\n<li>\n<p data-path-to-node=\"11,0,0\"><b data-path-to-node=\"11,0,0\" data-index-in-node=\"0\">Raison sociale :<\/b> OVH SAS<\/p>\n<\/li>\n<li>\n<p data-path-to-node=\"11,1,0\"><b data-path-to-node=\"11,1,0\" data-index-in-node=\"0\">Si\u00e8ge social :<\/b> 2 rue Kellermann &#8211; 59100 Roubaix &#8211; France<\/p>\n<\/li>\n<li>\n<p data-path-to-node=\"11,2,0\"><b data-path-to-node=\"11,2,0\" data-index-in-node=\"0\">Site internet :<\/b> www.ovh.com<\/p>\n<\/li>\n<\/ul>\n<h3 data-path-to-node=\"12\">4. Propri\u00e9t\u00e9 intellectuelle et contrefa\u00e7ons<\/h3>\n<p data-path-to-node=\"13\">La soci\u00e9t\u00e9 <b data-path-to-node=\"13\" data-index-in-node=\"11\">ICONICS PADEL<\/b> est propri\u00e9taire des droits de propri\u00e9t\u00e9 intellectuelle ou d\u00e9tient les droits d\u2019usage sur tous les \u00e9l\u00e9ments accessibles sur le site, notamment les textes, images, graphismes, logo, ic\u00f4nes, sons et logiciels.<\/p>\n<p data-path-to-node=\"14\">Toute reproduction, repr\u00e9sentation, modification, publication, adaptation de tout ou partie des \u00e9l\u00e9ments du site, quel que soit le moyen ou le proc\u00e9d\u00e9 utilis\u00e9, est interdite, sauf autorisation \u00e9crite pr\u00e9alable de la soci\u00e9t\u00e9 ICONICS PADEL.<\/p>\n<p id=\"p-rc_b856e47cd1cd1000-65\" data-path-to-node=\"15\">Toute exploitation non autoris\u00e9e du site ou de l\u2019un quelconque des \u00e9l\u00e9ments <span class=\"citation-23502 citation-end-23502\">qu\u2019il contient sera consid\u00e9r\u00e9e comme constitutive d\u2019une contrefa\u00e7on et poursuivie conform\u00e9ment aux dispositions des articles L.335-2 et suivants du Code de Propri\u00e9t\u00e9 Intellectuelle.<\/span><\/p>\n<p>\u00a0<\/p>\n<h3 data-path-to-node=\"16\"><span class=\"citation-23501 citation-end-23501\">5. Limitations de responsabilit\u00e9<\/span><\/h3>\n<p id=\"p-rc_b856e47cd1cd1000-66\" data-path-to-node=\"17\"><b data-path-to-node=\"17\" data-index-in-node=\"0\"><span class=\"citation-23500 citation-end-23500\">ICONICS PADEL<\/span><\/b> ne pourra \u00eatre tenue responsable des dommages directs et indirects caus\u00e9s au mat\u00e9riel de l\u2019utilisateur, lors de l\u2019acc\u00e8s au site iconicspadel.com.<\/p>\n<p data-path-to-node=\"18\">L&rsquo;\u00e9diteur d\u00e9cline \u00e9galement toute responsabilit\u00e9 quant \u00e0 l\u2019utilisation qui pourrait \u00eatre faite des informations et contenus pr\u00e9sents sur iconicspadel.com. ICONICS PADEL s&rsquo;engage \u00e0 s\u00e9curiser le site au mieux, cependant sa responsabilit\u00e9 ne pourra \u00eatre mise en cause si des donn\u00e9es ind\u00e9sirables sont import\u00e9es et install\u00e9es sur son site \u00e0 son insu.<\/p>\n<h3 data-path-to-node=\"19\">6. Gestion des donn\u00e9es personnelles<\/h3>\n<p data-path-to-node=\"20\">Conform\u00e9ment aux dispositions de la loi 78-17 du 6 janvier 1978 modifi\u00e9e (loi Informatique et Libert\u00e9s) et au R\u00e8glement G\u00e9n\u00e9ral sur la Protection des Donn\u00e9es (RGPD), l\u2019utilisateur du site <b data-path-to-node=\"20\" data-index-in-node=\"188\">iconicspadel.com<\/b> dispose d\u2019un droit d\u2019acc\u00e8s, de modification et de suppression des informations collect\u00e9es.<\/p>\n<p data-path-to-node=\"21\">Pour exercer ce droit, l&rsquo;utilisateur peut envoyer un message \u00e0 notre service client \u00e0 l&rsquo;adresse : contact@iconicspadel.com.<\/p>\n<p data-path-to-node=\"22\">Les donn\u00e9es personnelles collect\u00e9es sur le site (notamment lors de la cr\u00e9ation d&rsquo;un compte ou du passage d&rsquo;une commande) sont destin\u00e9es au traitement exclusif des commandes et \u00e0 la communication avec le client. Elles ne sont en aucun cas vendues ou c\u00e9d\u00e9es \u00e0 des tiers sans l&rsquo;accord pr\u00e9alable de l&rsquo;utilisateur.<\/p>\n<h3 data-path-to-node=\"23\">7. Liens hypertextes et cookies<\/h3>\n<p data-path-to-node=\"24\">Le site <b data-path-to-node=\"24\" data-index-in-node=\"8\">iconicspadel.com<\/b> contient un certain nombre de liens hypertextes vers d\u2019autres sites. Cependant, ICONICS PADEL n&rsquo;a pas la possibilit\u00e9 de v\u00e9rifier le contenu des sites ainsi visit\u00e9s, et n&rsquo;assumera en cons\u00e9quence aucune responsabilit\u00e9 de ce fait.<\/p>\n<p data-path-to-node=\"25\">La navigation sur le site iconicspadel.com est susceptible de provoquer l\u2019installation de cookie(s) sur l\u2019ordinateur de l\u2019utilisateur. Un cookie est un fichier de petite taille, qui ne permet pas l\u2019identification de l\u2019utilisateur, mais qui enregistre des informations relatives \u00e0 la navigation d\u2019un ordinateur sur un site (pages consult\u00e9es, date et heure de consultation, etc.). L\u2019utilisateur peut configurer son navigateur pour refuser l\u2019installation des cookies.<\/p>\n<h3 data-path-to-node=\"26\">8. Droit applicable et attribution de juridiction<\/h3>\n<p data-path-to-node=\"27\">Tout litige en relation avec l\u2019utilisation du site <b data-path-to-node=\"27\" data-index-in-node=\"51\">iconicspadel.com<\/b> est soumis au droit fran\u00e7ais. En dehors des cas o\u00f9 la loi ne le permet pas, il est fait attribution exclusive de juridiction aux tribunaux comp\u00e9tents de <b data-path-to-node=\"27\" data-index-in-node=\"221\">N\u00eemes<\/b>.<\/p>\n<hr data-path-to-node=\"28\" \/>\n<div class=\"source-inline-chip-container ng-star-inserted\">\u00a0<\/div>\n<p data-path-to-node=\"29\"><i data-path-to-node=\"29\" data-index-in-node=\"0\">Note : <b data-path-to-node=\"0\" data-index-in-node=\"44\">Mentions L\u00e9gales<\/b> r\u00e9dig\u00e9es \u00e0 partir des informations juridiques de l&rsquo;entreprise et des normes l\u00e9gales en vigueur en France en 2026 (loi LCEN pour la confiance dans l&rsquo;\u00e9conomie num\u00e9rique). La Direction.<\/i><\/p>\n<\/div>\t\t\t\t\t\t\t\t<\/div>\n\t\t\t\t\t<\/div>\n\t\t\t\t<\/div>\n\t\t\t\t<\/div>","protected":false},"excerpt":{"rendered":"<p>Mentions L\u00e9gales En vertu de l&rsquo;article 6 de la loi n\u00b0 2004-575 du 21 juin 2004 pour la confiance dans l&rsquo;\u00e9conomie num\u00e9rique, il est pr\u00e9cis\u00e9 aux utilisateurs du site internet iconicspadel.com l&rsquo;identit\u00e9 des diff\u00e9rents intervenants dans le cadre de sa r\u00e9alisation et de son suivi : 1. \u00c9diteur du site Le site iconicspadel.com est \u00e9dit\u00e9 [&hellip;]<\/p>\n","protected":false},"author":1,"featured_media":0,"parent":0,"menu_order":0,"comment_status":"closed","ping_status":"closed","template":"","meta":{"_seopress_robots_primary_cat":"","_seopress_titles_title":"","_seopress_titles_desc":"","_seopress_robots_index":"","footnotes":""},"class_list":["post-3","page","type-page","status-publish","hentry"],"_links":{"self":[{"href":"https:\/\/www.iconicspadel.com\/en\/wp-json\/wp\/v2\/pages\/3","targetHints":{"allow":["GET"]}}],"collection":[{"href":"https:\/\/www.iconicspadel.com\/en\/wp-json\/wp\/v2\/pages"}],"about":[{"href":"https:\/\/www.iconicspadel.com\/en\/wp-json\/wp\/v2\/types\/page"}],"author":[{"embeddable":true,"href":"https:\/\/www.iconicspadel.com\/en\/wp-json\/wp\/v2\/users\/1"}],"replies":[{"embeddable":true,"href":"https:\/\/www.iconicspadel.com\/en\/wp-json\/wp\/v2\/comments?post=3"}],"version-history":[{"count":5,"href":"https:\/\/www.iconicspadel.com\/en\/wp-json\/wp\/v2\/pages\/3\/revisions"}],"predecessor-version":[{"id":4113,"href":"https:\/\/www.iconicspadel.com\/en\/wp-json\/wp\/v2\/pages\/3\/revisions\/4113"}],"wp:attachment":[{"href":"https:\/\/www.iconicspadel.com\/en\/wp-json\/wp\/v2\/media?parent=3"}],"curies":[{"name":"wp","href":"https:\/\/api.w.org\/{rel}","templated":true}]}}